{"id":1001,"date":"2021-05-12T05:15:06","date_gmt":"2021-05-12T05:15:06","guid":{"rendered":"https:\/\/esclatbcn.com\/home\/"},"modified":"2023-12-23T14:38:38","modified_gmt":"2023-12-23T14:38:38","slug":"home","status":"publish","type":"page","link":"https:\/\/esclatbcn.com\/ca\/","title":{"rendered":"Gabinet Immobiliari Esclat BCN"},"content":{"rendered":"<div class=\"wp-block-uagb-container uagb-block-a65446c8 alignfull uagb-is-root-container\"><div class=\"uagb-container-inner-blocks-wrap\">\n<div class=\"wp-block-uagb-advanced-heading uagb-block-5d791e47\"><h1 class=\"uagb-heading-text\">Gabinet Immobiliari <br>Esclat BCN<\/h1><p class=\"uagb-desc-text\"><strong>Som experts en gesti\u00f3 immobili\u00e0ria. Venda, compra o lloguer d'immobles i gesti\u00f3 de comunitats de ve\u00efns.<\/strong><\/p><\/div>\n<\/div><\/div>\n\n\n\n<div class=\"inherit-container-width wp-block-group alignfull has-ast-global-color-5-background-color has-background is-layout-constrained wp-block-group-is-layout-constrained\"><div class=\"wp-block-group__inner-container\">\n<div class=\"wp-block-columns alignwide is-layout-flex wp-container-core-columns-is-layout-28f84493 wp-block-columns-is-layout-flex\" id=\"servicios\">\n<div class=\"wp-block-column is-layout-flow wp-block-column-is-layout-flow\">\n<figure class=\"wp-block-image alignwide size-full\"><img loading=\"lazy\" decoding=\"async\" width=\"588\" height=\"588\" src=\"https:\/\/esclatbcn.com\/wp-content\/uploads\/2022\/11\/immobiliaria-barcelona.jpg\" alt=\"\" class=\"wp-image-1075\" srcset=\"https:\/\/esclatbcn.com\/wp-content\/uploads\/2022\/11\/immobiliaria-barcelona.jpg 588w, https:\/\/esclatbcn.com\/wp-content\/uploads\/2022\/11\/immobiliaria-barcelona-300x300.jpg 300w, https:\/\/esclatbcn.com\/wp-content\/uploads\/2022\/11\/immobiliaria-barcelona-150x150.jpg 150w, https:\/\/esclatbcn.com\/wp-content\/uploads\/2022\/11\/immobiliaria-barcelona-12x12.jpg 12w\" sizes=\"auto, (max-width: 588px) 100vw, 588px\" \/><\/figure>\n\n\n\n<h2 class=\"wp-block-heading\">SERVEIS JUR\u00cdDICS<\/h2>\n\n\n\n<ul class=\"wp-block-list\">\n<li>Contractes Jur\u00eddics<\/li>\n\n\n\n<li>Her\u00e8ncies i donacions<\/li>\n\n\n\n<li>Desallotjaments per manca de pagament o fi de contracte<\/li>\n\n\n\n<li>Fam\u00edlia, Matrimonial, Incapacitats<\/li>\n\n\n\n<li>Tr\u00e0mits Tributaris.<\/li>\n\n\n\n<li>Declaracions de Renda<\/li>\n<\/ul>\n<\/div>\n\n\n\n<div class=\"wp-block-column is-layout-flow wp-block-column-is-layout-flow\">\n<h2 class=\"wp-block-heading\">IMMOBILI\u00c0RIA<\/h2>\n\n\n\n<ul class=\"wp-block-list\">\n<li>Gesti\u00f3 de lloguers<\/li>\n\n\n\n<li>Gesti\u00f3 Comunitats<\/li>\n\n\n\n<li>Gesti\u00f3 patrimonial<\/li>\n\n\n\n<li>Compra i venda d'immobles (habitatges, locals, parcel\u00b7les i edificis)<\/li>\n\n\n\n<li>Assegurances<\/li>\n\n\n\n<li>Taxacions i valoracions<\/li>\n<\/ul>\n\n\n\n<figure class=\"wp-block-image alignwide size-full\"><img loading=\"lazy\" decoding=\"async\" width=\"588\" height=\"588\" src=\"https:\/\/esclatbcn.com\/wp-content\/uploads\/2022\/11\/juridico-immobiliario-barcelona.jpg\" alt=\"\" class=\"wp-image-1077\" srcset=\"https:\/\/esclatbcn.com\/wp-content\/uploads\/2022\/11\/juridico-immobiliario-barcelona.jpg 588w, https:\/\/esclatbcn.com\/wp-content\/uploads\/2022\/11\/juridico-immobiliario-barcelona-300x300.jpg 300w, https:\/\/esclatbcn.com\/wp-content\/uploads\/2022\/11\/juridico-immobiliario-barcelona-150x150.jpg 150w, https:\/\/esclatbcn.com\/wp-content\/uploads\/2022\/11\/juridico-immobiliario-barcelona-12x12.jpg 12w\" sizes=\"auto, (max-width: 588px) 100vw, 588px\" \/><\/figure>\n<\/div>\n<\/div>\n<\/div><\/div>\n\n\n\n<div class=\"inherit-container-width wp-block-group alignfull has-ast-global-color-4-background-color has-background is-layout-constrained wp-block-group-is-layout-constrained\"><div class=\"wp-block-group__inner-container\">\n<div class=\"wp-block-columns alignwide are-vertically-aligned-top is-layout-flex wp-container-core-columns-is-layout-28f84493 wp-block-columns-is-layout-flex\">\n<div class=\"wp-block-column is-vertically-aligned-top is-layout-flow wp-block-column-is-layout-flow\">\n<figure class=\"wp-block-image size-full\"><img loading=\"lazy\" decoding=\"async\" width=\"370\" height=\"440\" src=\"https:\/\/esclatbcn.com\/wp-content\/uploads\/2022\/11\/proyectos-ingenieria-barcelona.jpg\" alt=\"\" class=\"wp-image-1080\" srcset=\"https:\/\/esclatbcn.com\/wp-content\/uploads\/2022\/11\/proyectos-ingenieria-barcelona.jpg 370w, https:\/\/esclatbcn.com\/wp-content\/uploads\/2022\/11\/proyectos-ingenieria-barcelona-252x300.jpg 252w, https:\/\/esclatbcn.com\/wp-content\/uploads\/2022\/11\/proyectos-ingenieria-barcelona-10x12.jpg 10w\" sizes=\"auto, (max-width: 370px) 100vw, 370px\" \/><\/figure>\n\n\n\n<h2 class=\"wp-block-heading\">ENGINYERIA<\/h2>\n\n\n\n<ul class=\"wp-block-list\">\n<li>Llic\u00e8ncies d&#039;activitat<\/li>\n\n\n\n<li>Projectes el\u00e8ctrics<\/li>\n\n\n\n<li>Instal\u00b7lacions contra incendis<\/li>\n\n\n\n<li>Taxacions i peritatges<\/li>\n\n\n\n<li>Ac\u00fastica, sonometries i insonoritzacions<\/li>\n\n\n\n<li>Butlletins d&#039;instal\u00b7lacions<\/li>\n<\/ul>\n<\/div>\n\n\n\n<div class=\"wp-block-column is-vertically-aligned-top is-layout-flow wp-block-column-is-layout-flow\">\n<figure class=\"wp-block-image size-full\"><img loading=\"lazy\" decoding=\"async\" width=\"370\" height=\"440\" src=\"https:\/\/esclatbcn.com\/wp-content\/uploads\/2022\/11\/obras-instalaciones-barcelona.jpg\" alt=\"\" class=\"wp-image-1081\" srcset=\"https:\/\/esclatbcn.com\/wp-content\/uploads\/2022\/11\/obras-instalaciones-barcelona.jpg 370w, https:\/\/esclatbcn.com\/wp-content\/uploads\/2022\/11\/obras-instalaciones-barcelona-252x300.jpg 252w, https:\/\/esclatbcn.com\/wp-content\/uploads\/2022\/11\/obras-instalaciones-barcelona-10x12.jpg 10w\" sizes=\"auto, (max-width: 370px) 100vw, 370px\" \/><\/figure>\n\n\n\n<h2 class=\"wp-block-heading\">OBRES I INSTAL\u00b7LACIONS<\/h2>\n\n\n\n<ul class=\"wp-block-list\">\n<li>Projectes i direcci\u00f3 d&#039;obres<\/li>\n\n\n\n<li>Llic\u00e8ncies i permisos d&#039;obra<\/li>\n\n\n\n<li>C\u00e8dules d&#039;habitabilitat<\/li>\n\n\n\n<li>Certificacions energ\u00e8tiques<\/li>\n\n\n\n<li>Canvi d\u00b4\u00fas de local a habitatge<\/li>\n\n\n\n<li>Certificats i butlletins d&#039;instal\u00b7lacions<\/li>\n<\/ul>\n<\/div>\n\n\n\n<div class=\"wp-block-column is-vertically-aligned-top is-layout-flow wp-block-column-is-layout-flow\">\n<figure class=\"wp-block-image size-full\"><img loading=\"lazy\" decoding=\"async\" width=\"370\" height=\"440\" src=\"https:\/\/esclatbcn.com\/wp-content\/uploads\/2022\/11\/seguros-hogar-barcelona.jpg\" alt=\"\" class=\"wp-image-1082\" srcset=\"https:\/\/esclatbcn.com\/wp-content\/uploads\/2022\/11\/seguros-hogar-barcelona.jpg 370w, https:\/\/esclatbcn.com\/wp-content\/uploads\/2022\/11\/seguros-hogar-barcelona-252x300.jpg 252w, https:\/\/esclatbcn.com\/wp-content\/uploads\/2022\/11\/seguros-hogar-barcelona-10x12.jpg 10w\" sizes=\"auto, (max-width: 370px) 100vw, 370px\" \/><\/figure>\n\n\n\n<h2 class=\"wp-block-heading\">ASSEGURANCES<\/h2>\n\n\n\n<ul class=\"wp-block-list\">\n<li>Assegurances multirisc<\/li>\n\n\n\n<li>Assegurances de la casa<\/li>\n\n\n\n<li>Assegurances responsabilitat Civil<\/li>\n\n\n\n<li>Assegurances vehicles<\/li>\n\n\n\n<li>Assegurances protecci\u00f3 de lloguer<\/li>\n<\/ul>\n<\/div>\n<\/div>\n\n\n\n<div class=\"wp-block-columns is-layout-flex wp-container-core-columns-is-layout-28f84493 wp-block-columns-is-layout-flex\">\n<div class=\"wp-block-column is-layout-flow wp-block-column-is-layout-flow\"><\/div>\n<\/div>\n<\/div><\/div>\n\n\n\n<div class=\"inherit-container-width wp-block-group alignfull has-ast-global-color-5-background-color has-background is-layout-constrained wp-block-group-is-layout-constrained\"><div class=\"wp-block-group__inner-container\">\n<figure class=\"wp-block-image aligncenter size-full\"><img loading=\"lazy\" decoding=\"async\" width=\"355\" height=\"102\" src=\"https:\/\/esclatbcn.com\/wp-content\/uploads\/2022\/11\/esclat-bcn.jpg\" alt=\"\" class=\"wp-image-997\" srcset=\"https:\/\/esclatbcn.com\/wp-content\/uploads\/2022\/11\/esclat-bcn.jpg 355w, https:\/\/esclatbcn.com\/wp-content\/uploads\/2022\/11\/esclat-bcn-300x86.jpg 300w, https:\/\/esclatbcn.com\/wp-content\/uploads\/2022\/11\/esclat-bcn-18x5.jpg 18w, https:\/\/esclatbcn.com\/wp-content\/uploads\/2022\/11\/esclat-bcn-136x39.jpg 136w\" sizes=\"auto, (max-width: 355px) 100vw, 355px\" \/><\/figure>\n\n\n\n<h2 class=\"wp-block-heading has-text-align-center\">Tot un temps al teu servei<\/h2>\n\n\n\n<p class=\"has-text-align-center\">M\u00e9s de 40 anys brindant servei professional i ajuda a la gesti\u00f3 i venda d&#039;immobles, patrimonis i comunitats de ve\u00efns.<\/p>\n\n\n\n<div class=\"wp-block-columns alignwide are-vertically-aligned-center is-layout-flex wp-container-core-columns-is-layout-28f84493 wp-block-columns-is-layout-flex\">\n<div class=\"wp-block-column is-vertically-aligned-center is-layout-flow wp-block-column-is-layout-flow\" style=\"flex-basis:33.33%\">\n<figure class=\"wp-block-image size-full\"><img loading=\"lazy\" decoding=\"async\" width=\"388\" height=\"240\" src=\"https:\/\/esclatbcn.com\/wp-content\/uploads\/2022\/11\/pisos-barcelona.jpg\" alt=\"\" class=\"wp-image-1088\" srcset=\"https:\/\/esclatbcn.com\/wp-content\/uploads\/2022\/11\/pisos-barcelona.jpg 388w, https:\/\/esclatbcn.com\/wp-content\/uploads\/2022\/11\/pisos-barcelona-300x186.jpg 300w, https:\/\/esclatbcn.com\/wp-content\/uploads\/2022\/11\/pisos-barcelona-18x12.jpg 18w\" sizes=\"auto, (max-width: 388px) 100vw, 388px\" \/><\/figure>\n\n\n\n<figure class=\"wp-block-image size-full\"><img loading=\"lazy\" decoding=\"async\" width=\"388\" height=\"240\" src=\"https:\/\/esclatbcn.com\/wp-content\/uploads\/2022\/11\/reforma-hogar-barcelona.jpg\" alt=\"\" class=\"wp-image-1090\" srcset=\"https:\/\/esclatbcn.com\/wp-content\/uploads\/2022\/11\/reforma-hogar-barcelona.jpg 388w, https:\/\/esclatbcn.com\/wp-content\/uploads\/2022\/11\/reforma-hogar-barcelona-300x186.jpg 300w, https:\/\/esclatbcn.com\/wp-content\/uploads\/2022\/11\/reforma-hogar-barcelona-18x12.jpg 18w\" sizes=\"auto, (max-width: 388px) 100vw, 388px\" \/><\/figure>\n<\/div>\n\n\n\n<div class=\"wp-block-column is-vertically-aligned-center is-layout-flow wp-block-column-is-layout-flow\" style=\"flex-basis:66.66%\">\n<figure class=\"wp-block-image size-full\"><img loading=\"lazy\" decoding=\"async\" width=\"784\" height=\"501\" src=\"https:\/\/esclatbcn.com\/wp-content\/uploads\/2022\/11\/entrega-hogar-barcelona.jpg\" alt=\"\" class=\"wp-image-1091\" srcset=\"https:\/\/esclatbcn.com\/wp-content\/uploads\/2022\/11\/entrega-hogar-barcelona.jpg 784w, https:\/\/esclatbcn.com\/wp-content\/uploads\/2022\/11\/entrega-hogar-barcelona-300x192.jpg 300w, https:\/\/esclatbcn.com\/wp-content\/uploads\/2022\/11\/entrega-hogar-barcelona-768x491.jpg 768w, https:\/\/esclatbcn.com\/wp-content\/uploads\/2022\/11\/entrega-hogar-barcelona-18x12.jpg 18w\" sizes=\"auto, (max-width: 784px) 100vw, 784px\" \/><\/figure>\n<\/div>\n<\/div>\n\n\n\n<div class=\"wp-block-columns alignwide are-vertically-aligned-center is-layout-flex wp-container-core-columns-is-layout-28f84493 wp-block-columns-is-layout-flex\">\n<div class=\"wp-block-column is-vertically-aligned-center is-layout-flow wp-block-column-is-layout-flow\" style=\"flex-basis:66.66%\">\n<figure class=\"wp-block-image size-full\"><img loading=\"lazy\" decoding=\"async\" width=\"784\" height=\"501\" src=\"https:\/\/esclatbcn.com\/wp-content\/uploads\/2022\/11\/mostrando-hogar-barcelona.jpg\" alt=\"\" class=\"wp-image-1092\" srcset=\"https:\/\/esclatbcn.com\/wp-content\/uploads\/2022\/11\/mostrando-hogar-barcelona.jpg 784w, https:\/\/esclatbcn.com\/wp-content\/uploads\/2022\/11\/mostrando-hogar-barcelona-300x192.jpg 300w, https:\/\/esclatbcn.com\/wp-content\/uploads\/2022\/11\/mostrando-hogar-barcelona-768x491.jpg 768w, https:\/\/esclatbcn.com\/wp-content\/uploads\/2022\/11\/mostrando-hogar-barcelona-18x12.jpg 18w\" sizes=\"auto, (max-width: 784px) 100vw, 784px\" \/><\/figure>\n<\/div>\n\n\n\n<div class=\"wp-block-column is-vertically-aligned-center is-layout-flow wp-block-column-is-layout-flow\" style=\"flex-basis:33.33%\">\n<figure class=\"wp-block-image size-full\"><img loading=\"lazy\" decoding=\"async\" width=\"388\" height=\"240\" src=\"https:\/\/esclatbcn.com\/wp-content\/uploads\/2022\/11\/casas-barcelona.jpg\" alt=\"\" class=\"wp-image-1089\" srcset=\"https:\/\/esclatbcn.com\/wp-content\/uploads\/2022\/11\/casas-barcelona.jpg 388w, https:\/\/esclatbcn.com\/wp-content\/uploads\/2022\/11\/casas-barcelona-300x186.jpg 300w, https:\/\/esclatbcn.com\/wp-content\/uploads\/2022\/11\/casas-barcelona-18x12.jpg 18w\" sizes=\"auto, (max-width: 388px) 100vw, 388px\" \/><\/figure>\n\n\n\n<figure class=\"wp-block-image size-full\"><img loading=\"lazy\" decoding=\"async\" width=\"388\" height=\"240\" src=\"https:\/\/esclatbcn.com\/wp-content\/uploads\/2022\/11\/entrega-de-llaves-barcelona.jpg\" alt=\"\" class=\"wp-image-1093\" srcset=\"https:\/\/esclatbcn.com\/wp-content\/uploads\/2022\/11\/entrega-de-llaves-barcelona.jpg 388w, https:\/\/esclatbcn.com\/wp-content\/uploads\/2022\/11\/entrega-de-llaves-barcelona-300x186.jpg 300w, https:\/\/esclatbcn.com\/wp-content\/uploads\/2022\/11\/entrega-de-llaves-barcelona-18x12.jpg 18w\" sizes=\"auto, (max-width: 388px) 100vw, 388px\" \/><\/figure>\n<\/div>\n<\/div>\n\n\n\n<p><\/p>\n<\/div><\/div>\n\n\n\n<div class=\"wp-block-uagb-container uagb-block-4011c593 alignfull uagb-is-root-container\"><div class=\"uagb-container-inner-blocks-wrap\">\n<div class=\"wp-block-uagb-container uagb-block-e1e7a992\">\n<figure class=\"wp-block-image aligncenter size-full\"><img loading=\"lazy\" decoding=\"async\" width=\"326\" height=\"155\" src=\"https:\/\/esclatbcn.com\/wp-content\/uploads\/2022\/12\/admistrador-fincas.jpg\" alt=\"\" class=\"wp-image-1123\" srcset=\"https:\/\/esclatbcn.com\/wp-content\/uploads\/2022\/12\/admistrador-fincas.jpg 326w, https:\/\/esclatbcn.com\/wp-content\/uploads\/2022\/12\/admistrador-fincas-300x143.jpg 300w, https:\/\/esclatbcn.com\/wp-content\/uploads\/2022\/12\/admistrador-fincas-18x9.jpg 18w\" sizes=\"auto, (max-width: 326px) 100vw, 326px\" \/><\/figure>\n<\/div>\n\n\n\n<div class=\"wp-block-uagb-container uagb-block-06756be5\">\n<figure class=\"wp-block-image aligncenter size-full\"><img loading=\"lazy\" decoding=\"async\" width=\"326\" height=\"155\" src=\"https:\/\/esclatbcn.com\/wp-content\/uploads\/2022\/12\/colegio-ingenieros.jpg\" alt=\"\" class=\"wp-image-1127\" srcset=\"https:\/\/esclatbcn.com\/wp-content\/uploads\/2022\/12\/colegio-ingenieros.jpg 326w, https:\/\/esclatbcn.com\/wp-content\/uploads\/2022\/12\/colegio-ingenieros-300x143.jpg 300w, https:\/\/esclatbcn.com\/wp-content\/uploads\/2022\/12\/colegio-ingenieros-18x9.jpg 18w\" sizes=\"auto, (max-width: 326px) 100vw, 326px\" \/><\/figure>\n<\/div>\n\n\n\n<div class=\"wp-block-uagb-container uagb-block-43dd6e13\">\n<figure class=\"wp-block-image aligncenter size-full\"><img loading=\"lazy\" decoding=\"async\" width=\"326\" height=\"155\" src=\"https:\/\/esclatbcn.com\/wp-content\/uploads\/2022\/12\/colegio-arquitectos.jpg\" alt=\"\" class=\"wp-image-1125\" srcset=\"https:\/\/esclatbcn.com\/wp-content\/uploads\/2022\/12\/colegio-arquitectos.jpg 326w, https:\/\/esclatbcn.com\/wp-content\/uploads\/2022\/12\/colegio-arquitectos-300x143.jpg 300w, https:\/\/esclatbcn.com\/wp-content\/uploads\/2022\/12\/colegio-arquitectos-18x9.jpg 18w\" sizes=\"auto, (max-width: 326px) 100vw, 326px\" \/><\/figure>\n<\/div>\n\n\n\n<div class=\"wp-block-uagb-container uagb-block-6e2504cf\">\n<figure class=\"wp-block-image aligncenter size-full\"><img loading=\"lazy\" decoding=\"async\" width=\"326\" height=\"155\" src=\"https:\/\/esclatbcn.com\/wp-content\/uploads\/2022\/12\/colegio-avogados.jpg\" alt=\"\" class=\"wp-image-1126\" srcset=\"https:\/\/esclatbcn.com\/wp-content\/uploads\/2022\/12\/colegio-avogados.jpg 326w, https:\/\/esclatbcn.com\/wp-content\/uploads\/2022\/12\/colegio-avogados-300x143.jpg 300w, https:\/\/esclatbcn.com\/wp-content\/uploads\/2022\/12\/colegio-avogados-18x9.jpg 18w\" sizes=\"auto, (max-width: 326px) 100vw, 326px\" \/><\/figure>\n<\/div>\n<\/div><\/div>\n\n\n\n<div class=\"wp-block-cover alignfull is-light\" style=\"min-height:600px;aspect-ratio:unset;\"><span aria-hidden=\"true\" class=\"wp-block-cover__background has-pale-cyan-blue-background-color has-background-dim-70 has-background-dim\"><\/span><img loading=\"lazy\" decoding=\"async\" width=\"1920\" height=\"1080\" class=\"wp-block-cover__image-background wp-image-54\" alt=\"\" src=\"https:\/\/esclatbcn.com\/wp-content\/uploads\/2021\/05\/background-img-1.jpg\" style=\"object-position:50% 20%\" data-object-fit=\"cover\" data-object-position=\"50% 20%\" srcset=\"https:\/\/esclatbcn.com\/wp-content\/uploads\/2021\/05\/background-img-1.jpg 1920w, https:\/\/esclatbcn.com\/wp-content\/uploads\/2021\/05\/background-img-1-300x169.jpg 300w, https:\/\/esclatbcn.com\/wp-content\/uploads\/2021\/05\/background-img-1-1024x576.jpg 1024w, https:\/\/esclatbcn.com\/wp-content\/uploads\/2021\/05\/background-img-1-768x432.jpg 768w, https:\/\/esclatbcn.com\/wp-content\/uploads\/2021\/05\/background-img-1-1536x864.jpg 1536w\" sizes=\"auto, (max-width: 1920px) 100vw, 1920px\" \/><div class=\"wp-block-cover__inner-container is-layout-flow wp-block-cover-is-layout-flow\">\n<h2 class=\"wp-block-heading has-text-align-center has-white-color has-text-color\" id=\"contacto\">Explica&#039;ns en qu\u00e8 et podem ajudar<\/h2>\n\n\n\n<p class=\"has-text-align-center\">Truca&#039;ns o envia un correu electr\u00f2nic per poder atendre els teus dubtes.<\/p>\n\n\n\n<h5 class=\"wp-block-heading has-text-align-center has-white-color has-text-color\"><a href=\"mailto:esclatbcn@esclatbcn.com\" target=\"_blank\" data-type=\"mailto\" data-id=\"mailto:esclatbcn@esclatbcn.com\" rel=\"noreferrer noopener\"><a href=\"mailto:esclatbcn@esclatbcn.com\">esclatbcn@esclatbcn.com<\/a><\/a><\/h5>\n\n\n\n<h2 class=\"wp-block-heading has-text-align-center has-white-color has-text-color\"><a href=\"tel:934080332\" target=\"_blank\" rel=\"noreferrer noopener\">934 08 03 32<\/a><\/h2>\n<\/div><\/div>","protected":false},"excerpt":{"rendered":"<p>Gabinete Inmobiliario Esclat BCN Somos expertos en gesti\u00f3n inmobiliaria. Venta, compra o alquiler de inmuebles y gesti\u00f3n de comunidades de vecinos. SERVICIOS JUR\u00cdDICOS INMOBILIARIA INGENIER\u00cdA OBRAS E INSTALACIONES SEGUROS Todo un tiempo a tu servicio M\u00e1s de 40 a\u00f1os brindando servicio profesional y ayuda en la gesti\u00f3n y venta de inmuebles, patrimonios y comunidades de &hellip;<\/p>\n<p class=\"read-more\"> <a class=\"\" href=\"https:\/\/esclatbcn.com\/ca\/\"> <span class=\"screen-reader-text\">Gabinet Immobiliari Esclat BCN<\/span> Llegeix m\u00e9s &raquo;<\/a><\/p>","protected":false},"author":1,"featured_media":0,"parent":0,"menu_order":0,"comment_status":"closed","ping_status":"closed","template":"","meta":{"_uag_custom_page_level_css":".wp-block-uagb-advanced-heading.uagb-block-5d791e47 {\n    text-shadow: 2px 2px 4px #000;\n}","site-sidebar-layout":"no-sidebar","site-content-layout":"plain-container","ast-global-header-display":"","ast-main-header-display":"","ast-hfb-above-header-display":"","ast-hfb-below-header-display":"","ast-hfb-mobile-header-display":"","site-post-title":"disabled","ast-breadcrumbs-content":"","ast-featured-img":"disabled","footer-sml-layout":"","theme-transparent-header-meta":"enabled","adv-header-id-meta":"","stick-header-meta":"","header-above-stick-meta":"","header-main-stick-meta":"","header-below-stick-meta":"","footnotes":""},"class_list":["post-1001","page","type-page","status-publish","hentry"],"uagb_featured_image_src":{"full":false,"thumbnail":false,"medium":false,"medium_large":false,"large":false,"1536x1536":false,"2048x2048":false,"trp-custom-language-flag":false},"uagb_author_info":{"display_name":"admin","author_link":"https:\/\/esclatbcn.com\/ca\/author\/antmotion\/"},"uagb_comment_info":0,"uagb_excerpt":"Gabinete Inmobiliario Esclat BCN Somos expertos en gesti\u00f3n inmobiliaria. Venta, compra o alquiler de inmuebles y gesti\u00f3n de comunidades de vecinos. SERVICIOS JUR\u00cdDICOS INMOBILIARIA INGENIER\u00cdA OBRAS E INSTALACIONES SEGUROS Todo un tiempo a tu servicio M\u00e1s de 40 a\u00f1os brindando servicio profesional y ayuda en la gesti\u00f3n y venta de inmuebles, patrimonios y comunidades de&hellip;","_links":{"self":[{"href":"https:\/\/esclatbcn.com\/ca\/wp-json\/wp\/v2\/pages\/1001","targetHints":{"allow":["GET"]}}],"collection":[{"href":"https:\/\/esclatbcn.com\/ca\/wp-json\/wp\/v2\/pages"}],"about":[{"href":"https:\/\/esclatbcn.com\/ca\/wp-json\/wp\/v2\/types\/page"}],"author":[{"embeddable":true,"href":"https:\/\/esclatbcn.com\/ca\/wp-json\/wp\/v2\/users\/1"}],"replies":[{"embeddable":true,"href":"https:\/\/esclatbcn.com\/ca\/wp-json\/wp\/v2\/comments?post=1001"}],"version-history":[{"count":36,"href":"https:\/\/esclatbcn.com\/ca\/wp-json\/wp\/v2\/pages\/1001\/revisions"}],"predecessor-version":[{"id":1156,"href":"https:\/\/esclatbcn.com\/ca\/wp-json\/wp\/v2\/pages\/1001\/revisions\/1156"}],"wp:attachment":[{"href":"https:\/\/esclatbcn.com\/ca\/wp-json\/wp\/v2\/media?parent=1001"}],"curies":[{"name":"wp","href":"https:\/\/api.w.org\/{rel}","templated":true}]}}