{"id":1120,"date":"2022-11-25T11:49:14","date_gmt":"2022-11-25T11:49:14","guid":{"rendered":"https:\/\/esclatbcn.com\/politica-de-cookies-ue\/"},"modified":"2022-11-25T11:49:14","modified_gmt":"2022-11-25T11:49:14","slug":"politica-de-cookies-ue","status":"publish","type":"page","link":"https:\/\/esclatbcn.com\/ca\/politica-de-cookies-ue\/","title":{"rendered":"Pol\u00edtica de cookies (UE)"},"content":{"rendered":"<!-- Legal document generated by Complianz | GDPR\/CCPA Cookie Consent https:\/\/wordpress.org\/plugins\/complianz-gdpr -->\n<div id=\"cmplz-document\" class=\"cmplz-document cookie-statement cmplz-document-eu\"><p><i>Aquesta cookie policial \u00e9s recentment updated on desembre 19, 2022 and applies to citizens and legal permanent residents of the European Economic Area and Switzerland<\/i><br><\/p><h2>1. Introducci\u00f3<\/h2><p>El nostre lloc web, <a href=\"https:\/\/esclatbcn.com\/ca\/\">https:\/\/esclatbcn.com\/ca\/<\/a> (d&#039;ara endavant \u00abel lloc web\u00bb) utilitza galetes i altres tecnologies relacionades (per comoditat, totes les tecnologies es denominen galetes). Les galetes tamb\u00e9 s\u00f3n col\u00b7locades per tercers que hem contractat. Al document seg\u00fcent us informem sobre l&#039;\u00fas de les galetes al nostre lloc web.<\/p><h2>2. Qu\u00e8 s\u00f3n les galetes?<\/h2><p>Una galeta \u00e9s un fitxer petit i senzill que s&#039;envia juntament amb p\u00e0gines d&#039;aquest lloc web i que el vostre navegador emmagatzema al disc dur de l&#039;ordinador o altre dispositiu. La informaci\u00f3 emmagatzemada en ell es pot tornar als nostres servidors o als servidors dels tercers corresponents durant una visita posterior.<\/p><h2>3. Quins s\u00f3n els scripts?<\/h2><p>Un script \u00e9s una pe\u00e7a de codi de programari que s&#039;utilitza perqu\u00e8 el nostre web funcioni correctament i interactivament. Aquest codi s&#039;executa al nostre servidor o al vostre dispositiu.<\/p><h2>4. Qu\u00e8 \u00e9s un web beacon?<\/h2><p>Una baliza web (o una etiqueta de p\u00edxel) \u00e9s una petita i invisible pe\u00e7a de text o imatge en un lloc web que s&#039;utilitza per controlar el tr\u00e0nsit d&#039;un lloc web. Per fer-ho, s&#039;emmagatzemen diversos dades utilitzant b\u0101ssies web.<\/p><h2>5. Galets<\/h2><p class=\"cmplz-subtitle\">5.1 Galetes t\u00e8cniques o funcionals<\/p><p>Algunes galetes assegurin que certes parts del lloc web funcionin correctament i que les prefer\u00e8ncies dels usuaris segueixin sent conegudes. Utilitzant galetes funcionals, us facilitem que visiteu el nostre lloc web. D&#039;aquesta manera, no cal que introdu\u00efu repetidament la mateixa informaci\u00f3 quan visiteu el nostre lloc web i, per exemple, els elements romanen al carret\u00f3 de la compra fins que h\u00e0giu pagat. Podem posar aquestes galetes sense el vostre consentiment.<\/p><p class=\"cmplz-subtitle\">5.2 Cookies anal\u00edtiques<\/p><p>Utilitzem cookies anal\u00edtiques per optimitzar l&#039;experi\u00e8ncia del lloc web per als nostres usuaris. Amb aquestes galetes anal\u00edtiques obtenem informaci\u00f3 sobre l&#039;\u00fas del nostre lloc web. Demanem el vostre perm\u00eds per col\u00b7locar cookies anal\u00edtiques.<\/p><p class=\"cmplz-subtitle\">5.3 Galetes de m\u00e0rqueting\/rastreig<\/p><p>Les cookies de m\u00e0rqueting o de rastreig s\u00f3n cookies o qualsevol altra forma d&#039;emmagatzematge local, utilitzat per crear perfils d&#039;usuari per mostrar anuncis o per rastrejar l&#039;usuari en aquest lloc web oa trav\u00e9s d&#039;altres llocs web per a prop\u00f2sits de m\u00e0rqueting similars.<\/p><h2>6. Galetes col\u00b7locades<\/h2><div id=\"cmplz-cookies-overview\"><details class=\"cmplz-dropdown cmplz-service-desc cmplz-dropdown-cookiepolicy\">\n\t<summary class=\"cmplz-service-header\"><div>\n\t\t<h3>WooCommerce<\/h3>\n\t\t<p>Estad\u00edsticas<\/p>\n\t\t<label for=\"cmplz_service_woocommerce\" class=\"cmplz_consent_per_service_label\"><span class=\"screen-reader-text\">Consent to service woocommerce<\/span><\/label>\n\t\t<input type=\"checkbox\" id=\"cmplz_service_woocommerce\" class=\"cmplz-accept-service cmplz-hidden\" data-service=\"woocommerce\" data-category=\"functional\"><\/div>\n\t<\/summary>\n\t<div class=\"cmplz-service-description\">\n\t\t<h4>\u00das<\/h4>\n\t\t<p>Utilitzem WooCommerce per a webshop management.<\/p>\n\t<\/div>\n\t<div class=\"cmplz-sharing-data\">\n\t\t<h4>Compartici\u00f3 de dades<\/h4>\n\t\t<p>Aquests dades no s\u00f3n compartits amb tercers.<\/p>\n\t<\/div>\n\t<div class=\"cookies-per-purpose\">\n    <div class=\"purpose\"><h4>Estad\u00edsticas<\/h4><\/div>\n    <div class=\"name-header\">\n\t<h5>Nom<\/h5>\n<\/div>\n<div class=\"name\">History.store<\/div>\n<div class=\"retention-header\">\n\t<h5>Expiration<\/h5>\n<\/div>\n<div class=\"retention\"><\/div>\n<div class=\"function-header\">\n\t<h5>Funci\u00f3<\/h5>\n<\/div>\n<div class=\"function\">Emmagatzema darrera visita<\/div>\n\n<\/div>\n<\/details>\n<details class=\"cmplz-dropdown cmplz-service-desc cmplz-dropdown-cookiepolicy\">\n\t<summary class=\"cmplz-service-header\"><div>\n\t\t<h3>Matomo<\/h3>\n\t\t<p>Estad\u00edstiques (an\u00f2nim)<\/p>\n\t\t<label for=\"cmplz_service_matomo\" class=\"cmplz_consent_per_service_label\"><span class=\"screen-reader-text\">Consent to service matomo<\/span><\/label>\n\t\t<input type=\"checkbox\" id=\"cmplz_service_matomo\" class=\"cmplz-accept-service cmplz-hidden\" data-service=\"matomo\" data-category=\"functional\"><\/div>\n\t<\/summary>\n\t<div class=\"cmplz-service-description\">\n\t\t<h4>\u00das<\/h4>\n\t\t<p>Utilitzem Matomo per a website statistics.<\/p>\n\t<\/div>\n\t<div class=\"cmplz-sharing-data\">\n\t\t<h4>Compartici\u00f3 de dades<\/h4>\n\t\t<p>Aquests dades no s\u00f3n compartits amb tercers.<\/p>\n\t<\/div>\n\t<div class=\"cookies-per-purpose\">\n    <div class=\"purpose\"><h4>Estad\u00edstiques (an\u00f2nim)<\/h4><\/div>\n    <div class=\"name-header\">\n\t<h5>Nom<\/h5>\n<\/div>\n<div class=\"name\">_pk_id*<\/div>\n<div class=\"retention-header\">\n\t<h5>Expiration<\/h5>\n<\/div>\n<div class=\"retention\">13 mesos<\/div>\n<div class=\"function-header\">\n\t<h5>Funci\u00f3<\/h5>\n<\/div>\n<div class=\"function\">Emmagatzemeu un identificador d&#039;usuari \u00fanic<\/div>\n<div class=\"name-header\">\n\t<h5>Nom<\/h5>\n<\/div>\n<div class=\"name\">_pk_ses*<\/div>\n<div class=\"retention-header\">\n\t<h5>Expiration<\/h5>\n<\/div>\n<div class=\"retention\">sessi\u00f3<\/div>\n<div class=\"function-header\">\n\t<h5>Funci\u00f3<\/h5>\n<\/div>\n<div class=\"function\">Emmagatzema un identificador de sessi\u00f3 \u00fanica<\/div>\n\n<\/div>\n<\/details>\n<details class=\"cmplz-dropdown cmplz-service-desc cmplz-dropdown-cookiepolicy\">\n\t<summary class=\"cmplz-service-header\"><div>\n\t\t<h3>Complian\u00e7a<\/h3>\n\t\t<p>Funcional<\/p>\n\t\t<label for=\"cmplz_service_complianz\" class=\"cmplz_consent_per_service_label\"><span class=\"screen-reader-text\">Consent to service complianz<\/span><\/label>\n\t\t<input type=\"checkbox\" id=\"cmplz_service_complianz\" class=\"cmplz-accept-service cmplz-hidden\" data-service=\"complianz\" data-category=\"functional\"><\/div>\n\t<\/summary>\n\t<div class=\"cmplz-service-description\">\n\t\t<h4>\u00das<\/h4>\n\t\t<p>Utilitzem Complianz per a cookie consent management.<\/p>\n\t<\/div>\n\t<div class=\"cmplz-sharing-data\">\n\t\t<h4>Compartici\u00f3 de dades<\/h4>\n\t\t<p>Aquests dades no s\u00f3n compartits amb tercers. Per a m\u00e9s informaci\u00f3, llegiu si us plau la <a target=\"_blank\" rel=\"noopener noreferrer nofollow\" href=\"https:\/\/complianz.io\/legal\/privacy-statement\/\">pol\u00edtica de privacitat de Complianz<\/a>.<\/p>\n\t<\/div>\n\t<div class=\"cookies-per-purpose\">\n    <div class=\"purpose\"><h4>Funcional<\/h4><\/div>\n    <div class=\"name-header\">\n\t<h5>Nom<\/h5>\n<\/div>\n<div class=\"name\">cmplz_consented_services<\/div>\n<div class=\"retention-header\">\n\t<h5>Expiration<\/h5>\n<\/div>\n<div class=\"retention\">365 dies<\/div>\n<div class=\"function-header\">\n\t<h5>Funci\u00f3<\/h5>\n<\/div>\n<div class=\"function\">Emmagatzema les prefer\u00e8ncies de consentiment de les cookies<\/div>\n<div class=\"name-header\">\n\t<h5>Nom<\/h5>\n<\/div>\n<div class=\"name\">cmplz_policy_id<\/div>\n<div class=\"retention-header\">\n\t<h5>Expiration<\/h5>\n<\/div>\n<div class=\"retention\">365 dies<\/div>\n<div class=\"function-header\">\n\t<h5>Funci\u00f3<\/h5>\n<\/div>\n<div class=\"function\">Registrar l&#039;ID de la pol\u00edtica de galeta acceptada<\/div>\n<div class=\"name-header\">\n\t<h5>Nom<\/h5>\n<\/div>\n<div class=\"name\">cmplz_marketing<\/div>\n<div class=\"retention-header\">\n\t<h5>Expiration<\/h5>\n<\/div>\n<div class=\"retention\">365 dies<\/div>\n<div class=\"function-header\">\n\t<h5>Funci\u00f3<\/h5>\n<\/div>\n<div class=\"function\">Emmagatzema les prefer\u00e8ncies de consentiment de les cookies<\/div>\n<div class=\"name-header\">\n\t<h5>Nom<\/h5>\n<\/div>\n<div class=\"name\">cmplz_statistics<\/div>\n<div class=\"retention-header\">\n\t<h5>Expiration<\/h5>\n<\/div>\n<div class=\"retention\">365 dies<\/div>\n<div class=\"function-header\">\n\t<h5>Funci\u00f3<\/h5>\n<\/div>\n<div class=\"function\">Emmagatzema les prefer\u00e8ncies de consentiment de les cookies<\/div>\n<div class=\"name-header\">\n\t<h5>Nom<\/h5>\n<\/div>\n<div class=\"name\">cmplz_preferences<\/div>\n<div class=\"retention-header\">\n\t<h5>Expiration<\/h5>\n<\/div>\n<div class=\"retention\">365 dies<\/div>\n<div class=\"function-header\">\n\t<h5>Funci\u00f3<\/h5>\n<\/div>\n<div class=\"function\">Emmagatzema les prefer\u00e8ncies de consentiment de les cookies<\/div>\n<div class=\"name-header\">\n\t<h5>Nom<\/h5>\n<\/div>\n<div class=\"name\">cmplz_functional<\/div>\n<div class=\"retention-header\">\n\t<h5>Expiration<\/h5>\n<\/div>\n<div class=\"retention\">365 dies<\/div>\n<div class=\"function-header\">\n\t<h5>Funci\u00f3<\/h5>\n<\/div>\n<div class=\"function\">Emmagatzema les prefer\u00e8ncies de consentiment de les cookies<\/div>\n<div class=\"name-header\">\n\t<h5>Nom<\/h5>\n<\/div>\n<div class=\"name\">cmplz_banner-status<\/div>\n<div class=\"retention-header\">\n\t<h5>Expiration<\/h5>\n<\/div>\n<div class=\"retention\">365 dies<\/div>\n<div class=\"function-header\">\n\t<h5>Funci\u00f3<\/h5>\n<\/div>\n<div class=\"function\">Store if the cookie banner has been dismissed<\/div>\n\n<\/div>\n<\/details>\n<details class=\"cmplz-dropdown cmplz-service-desc cmplz-dropdown-cookiepolicy\">\n\t<summary class=\"cmplz-service-header\"><div>\n\t\t<h3>Miscel\u00b7l\u00e0nia<\/h3>\n\t\t<p>Prop\u00f2sit pendent d&#039;investigaci\u00f3<\/p>\n\t\t<label for=\"cmplz_service_miscel\u00b7l\u00e0nia\" class=\"cmplz_consent_per_service_label\"><span class=\"screen-reader-text\">Consent to service miscel\u00b7l\u00e0nia<\/span><\/label>\n\t\t<input type=\"checkbox\" id=\"cmplz_service_miscel\u00b7l\u00e0nia\" class=\"cmplz-accept-service cmplz-hidden\" data-service=\"miscel\u00b7l\u00e0nia\" data-category=\"functional\"><\/div>\n\t<\/summary>\n\t<div class=\"cmplz-service-description\">\n\t\t<h4>\u00das<\/h4>\n\t\t<p><\/p>\n\t<\/div>\n\t<div class=\"cmplz-sharing-data\">\n\t\t<h4>Compartici\u00f3 de dades<\/h4>\n\t\t<p>La compartici\u00f3 de dades est\u00e0 pendent de recerca.<\/p>\n\t<\/div>\n\t<div class=\"cookies-per-purpose\">\n    <div class=\"purpose\"><h4>Prop\u00f2sit pendent d&#039;investigaci\u00f3<\/h4><\/div>\n    <div class=\"name-header\">\n\t<h5>Nom<\/h5>\n<\/div>\n<div class=\"name\">gt-current-screen<\/div>\n<div class=\"retention-header\">\n\t<h5>Expiration<\/h5>\n<\/div>\n<div class=\"retention\"><\/div>\n<div class=\"function-header\">\n\t<h5>Funci\u00f3<\/h5>\n<\/div>\n<div class=\"function\"><\/div>\n<div class=\"name-header\">\n\t<h5>Nom<\/h5>\n<\/div>\n<div class=\"name\">st-import-end<\/div>\n<div class=\"retention-header\">\n\t<h5>Expiration<\/h5>\n<\/div>\n<div class=\"retention\"><\/div>\n<div class=\"function-header\">\n\t<h5>Funci\u00f3<\/h5>\n<\/div>\n<div class=\"function\"><\/div>\n<div class=\"name-header\">\n\t<h5>Nom<\/h5>\n<\/div>\n<div class=\"name\">st-scroll-position<\/div>\n<div class=\"retention-header\">\n\t<h5>Expiration<\/h5>\n<\/div>\n<div class=\"retention\"><\/div>\n<div class=\"function-header\">\n\t<h5>Funci\u00f3<\/h5>\n<\/div>\n<div class=\"function\"><\/div>\n<div class=\"name-header\">\n\t<h5>Nom<\/h5>\n<\/div>\n<div class=\"name\">WP_PREFERENCES_USER_*<\/div>\n<div class=\"retention-header\">\n\t<h5>Expiration<\/h5>\n<\/div>\n<div class=\"retention\"><\/div>\n<div class=\"function-header\">\n\t<h5>Funci\u00f3<\/h5>\n<\/div>\n<div class=\"function\"><\/div>\n<div class=\"name-header\">\n\t<h5>Nom<\/h5>\n<\/div>\n<div class=\"name\">spectraCopyPasteStyles<\/div>\n<div class=\"retention-header\">\n\t<h5>Expiration<\/h5>\n<\/div>\n<div class=\"retention\"><\/div>\n<div class=\"function-header\">\n\t<h5>Funci\u00f3<\/h5>\n<\/div>\n<div class=\"function\"><\/div>\n<div class=\"name-header\">\n\t<h5>Nom<\/h5>\n<\/div>\n<div class=\"name\">starter-templates-onboarding<\/div>\n<div class=\"retention-header\">\n\t<h5>Expiration<\/h5>\n<\/div>\n<div class=\"retention\"><\/div>\n<div class=\"function-header\">\n\t<h5>Funci\u00f3<\/h5>\n<\/div>\n<div class=\"function\"><\/div>\n<div class=\"name-header\">\n\t<h5>Nom<\/h5>\n<\/div>\n<div class=\"name\">st-import-start<\/div>\n<div class=\"retention-header\">\n\t<h5>Expiration<\/h5>\n<\/div>\n<div class=\"retention\"><\/div>\n<div class=\"function-header\">\n\t<h5>Funci\u00f3<\/h5>\n<\/div>\n<div class=\"function\"><\/div>\n<div class=\"name-header\">\n\t<h5>Nom<\/h5>\n<\/div>\n<div class=\"name\">SL_G_WPT_TO<\/div>\n<div class=\"retention-header\">\n\t<h5>Expiration<\/h5>\n<\/div>\n<div class=\"retention\"><\/div>\n<div class=\"function-header\">\n\t<h5>Funci\u00f3<\/h5>\n<\/div>\n<div class=\"function\"><\/div>\n<div class=\"name-header\">\n\t<h5>Nom<\/h5>\n<\/div>\n<div class=\"name\">SL_GWPT_Show_Hide_tmp<\/div>\n<div class=\"retention-header\">\n\t<h5>Expiration<\/h5>\n<\/div>\n<div class=\"retention\"><\/div>\n<div class=\"function-header\">\n\t<h5>Funci\u00f3<\/h5>\n<\/div>\n<div class=\"function\"><\/div>\n<div class=\"name-header\">\n\t<h5>Nom<\/h5>\n<\/div>\n<div class=\"name\">SL_wptGlobTipTmp<\/div>\n<div class=\"retention-header\">\n\t<h5>Expiration<\/h5>\n<\/div>\n<div class=\"retention\"><\/div>\n<div class=\"function-header\">\n\t<h5>Funci\u00f3<\/h5>\n<\/div>\n<div class=\"function\"><\/div>\n\n<\/div>\n<\/details>\n<\/div><h2>7. Consentiment<\/h2><p>Quan visiteu el nostre lloc web per primera vegada, us mostrarem un missatge emergent amb una explicaci\u00f3 sobre les cookies. Tan bon punt feu clic a \u00abGuardar prefer\u00e8ncies\u00bb, ens vau consentir a utilitzar les categories de cookies i extensions que heu seleccionat al missatge emergent, tal com es descriu en aquesta Pol\u00edtica de cookies. Podeu desactivar l&#039;\u00fas de cookies a trav\u00e9s del vostre navegador, per\u00f2 tingueu en compte que pot ser que el nostre lloc web ja no funcioni correctament.<\/p><p class=\"cmplz-subtitle\">7.1 Gestioneu les vostres prefer\u00e8ncies de consentiment<\/p><div id=\"cmplz-manage-consent-container-nojavascript\">Heu loaded the Cookie Policy without javascript support. Amb AMP, vost\u00e8 pot utilitzar el management consent el bot\u00f3 en el bot\u00f3n de la p\u00e0gina.<\/div><div id=\"cmplz-manage-consent-container\" name=\"cmplz-manage-consent-container\" class=\"cmplz-manage-consent-container\"><\/div><h2>8. Activaci\u00f3 \/ desactivaci\u00f3 i eliminaci\u00f3 de galetes<\/h2><p>Podeu utilitzar el navegador per esborrar les galetes autom\u00e0ticament o manualment. A m\u00e9s, podeu especificar que determinades galetes no siguin col\u00b7locades. Una altra opci\u00f3 \u00e9s canviar les prefer\u00e8ncies del vostre navegador per rebre un missatge cada vegada que una galeta \u00e9s col\u00b7locada. Per a m\u00e9s informaci\u00f3, podeu consultar les instruccions a l&#039;Ajuda del vostre navegador.<\/p><p>Tingueu en compte que el nostre lloc web pot no funcionar correctament si totes les galetes estan desactivades. Si suprimiu les galetes del navegador, se&#039;n crearan de noves despr\u00e9s del vostre consentiment quan torneu a visitar els nostres llocs web.<\/p><h2>9. Els vostres drets respecte de les dades personals<\/h2><p>Teniu els drets seg\u00fcents respecte a les vostres dades personals:<\/p><ul>\n                    <li>Teniu dret a saber per qu\u00e8 es necessiten les vostres dades personals, qu\u00e8 li passar\u00e0 i quant de temps es mantindr\u00e0.<\/li>\n                    <li>Dret d&#039;acc\u00e9s: teniu dret a accedir a les vostres dades personals que ens s\u00f3n conegudes.<\/li>\n                    <li>Dret de rectificaci\u00f3: teniu dret a completar, corregir, suprimir o bloquejar les vostres dades personals sempre que ho desitgeu.<\/li>\n                    <li>Si ens doneu el consentiment per processar els vostres dades, teniu el dret de revocar aquest consentiment i de suprimir les vostres dades personals.<\/li>\n                    <li>Dret de transferir les vostres dades: teniu el dret de sol\u00b7licitar totes les dades personals del controlador i transferir-les en la seva totalitat a un altre controlador.<\/li>\n                    <li>Dret a l&#039;oposici\u00f3: podeu oposar-vos al processament de les vostres dades. Complim amb aix\u00f2, tret que hi hagi motius justificats per al processament.<\/li>\n                <\/ul><p>Per exercir aquests drets, poseu-vos en contacte amb nosaltres. Consulteu les dades de contacte a la part inferior d&#039;aquesta Pol\u00edtica de cookies. Si teniu una queixa sobre com gestionem les vostres dades, ens agradaria escortar-vos, per\u00f2 tamb\u00e9 teniu el dret de presentar una reclamaci\u00f3 a l&#039;autoritat de supervisi\u00f3 (l&#039;Ag\u00e8ncia de Protecci\u00f3 de Dades).<\/p><h2>10. Detalls de contacte<\/h2><p>Per a preguntes i\/o comentaris sobre la nostra Pol\u00edtica de cookies i aquesta declaraci\u00f3, poseu-vos en contacte amb nosaltres mitjan\u00e7ant els seg\u00fcents dades de contacte:<\/p><p>Gabinet Immobiliari Esclat BCN<br>\n                    Avinguda dels Quinze, 70, 08016, Barcelona<br \/>\r\n934 08 03 32<br \/>\r\nesclatbcn@esclatbcn.com<br \/>\r\n<br \/>\r\n<br>\n                    Espanya<br>\n                    Lloc web: <a href=\"https:\/\/esclatbcn.com\/ca\/\">https:\/\/esclatbcn.com\/ca\/<\/a> <br>\n                    Correu electr\u00f2nic: <span class=\"cmplz-obfuscate\">moc&#046;ncbtalcse&#064;ncb&#x74;alcse<\/span> <br>\n                    N\u00famero de tel\u00e8fon: 934 08 03 32<\/p><p>Aquesta pol\u00edtica de galetes s&#039;ha sincronitzat amb <a href=\"https:\/\/cookiedatabase.org\/\" target=\"_blank\" rel=\"nofollow noopener\">cookiedatabase.org<\/a> el novembre 25, 2022<\/p><\/div>","protected":false},"excerpt":{"rendered":"","protected":false},"author":1,"featured_media":0,"parent":0,"menu_order":0,"comment_status":"closed","ping_status":"closed","template":"","meta":{"_uag_custom_page_level_css":"","site-sidebar-layout":"default","site-content-layout":"default","ast-global-header-display":"","ast-main-header-display":"","ast-hfb-above-header-display":"","ast-hfb-below-header-display":"","ast-hfb-mobile-header-display":"","site-post-title":"","ast-breadcrumbs-content":"","ast-featured-img":"","footer-sml-layout":"","theme-transparent-header-meta":"","adv-header-id-meta":"","stick-header-meta":"","header-above-stick-meta":"","header-main-stick-meta":"","header-below-stick-meta":"","footnotes":""},"class_list":["post-1120","page","type-page","status-publish","hentry"],"uagb_featured_image_src":{"full":false,"thumbnail":false,"medium":false,"medium_large":false,"large":false,"1536x1536":false,"2048x2048":false,"trp-custom-language-flag":false},"uagb_author_info":{"display_name":"admin","author_link":"https:\/\/esclatbcn.com\/ca\/author\/antmotion\/"},"uagb_comment_info":0,"uagb_excerpt":null,"_links":{"self":[{"href":"https:\/\/esclatbcn.com\/ca\/wp-json\/wp\/v2\/pages\/1120","targetHints":{"allow":["GET"]}}],"collection":[{"href":"https:\/\/esclatbcn.com\/ca\/wp-json\/wp\/v2\/pages"}],"about":[{"href":"https:\/\/esclatbcn.com\/ca\/wp-json\/wp\/v2\/types\/page"}],"author":[{"embeddable":true,"href":"https:\/\/esclatbcn.com\/ca\/wp-json\/wp\/v2\/users\/1"}],"replies":[{"embeddable":true,"href":"https:\/\/esclatbcn.com\/ca\/wp-json\/wp\/v2\/comments?post=1120"}],"version-history":[{"count":0,"href":"https:\/\/esclatbcn.com\/ca\/wp-json\/wp\/v2\/pages\/1120\/revisions"}],"wp:attachment":[{"href":"https:\/\/esclatbcn.com\/ca\/wp-json\/wp\/v2\/media?parent=1120"}],"curies":[{"name":"wp","href":"https:\/\/api.w.org\/{rel}","templated":true}]}}