{"id":864,"date":"2022-08-01T11:12:55","date_gmt":"2022-08-01T11:12:55","guid":{"rendered":"https:\/\/esclatbcn.com\/?page_id=864"},"modified":"2022-12-19T08:19:22","modified_gmt":"2022-12-19T08:19:22","slug":"aviso-legal","status":"publish","type":"page","link":"https:\/\/esclatbcn.com\/ca\/aviso-legal\/","title":{"rendered":"Av\u00eds Legal"},"content":{"rendered":"<p>El present \u00e9s un av\u00eds legal de visualitzaci\u00f3 obligada que regula les condicions d&#039;\u00fas que han de ser observades i acatades pels usuaris del lloc de <strong>Esclat BCN<\/strong>, en endavant <strong>AQUEST LLOC WEB<\/strong><\/p>\n\n\n\n<h3 class=\"wp-block-heading\">1.&nbsp;<strong>Dades Identificatives<\/strong><\/h3>\n\n\n\n<p>En compliment amb el deure informaci\u00f3 recollit a l&#039;article 10 de la Llei 34\/2002, d&#039;11 de juliol, de Serveis de la Societat de la Informaci\u00f3 i del Comer\u00e7 Electr\u00f2nic, a continuaci\u00f3, es reflecteixen les dades seg\u00fcents:<\/p>\n\n\n\n<ul class=\"wp-block-list\">\n<li><strong>Esclat BCN, Gabinet Immobiliari<\/strong><\/li>\n\n\n\n<li><strong><strong>Avinguda dels Quinze, 70, 08016<\/strong>, Barcelona<\/strong><\/li>\n\n\n\n<li><a href=\"tel:934080332\"><strong>934 08 03 32<\/strong><\/a><\/li>\n\n\n\n<li><a href=\"mailto:esclatbcn@esclatbcn.com\" data-type=\"mailto\" data-id=\"mailto:esclatbcn@esclatbcn.com\"><strong>esclatbcn@esclatbcn.com<\/strong><\/a><a href=\"https:\/\/esclatbcn.com\/ca\/\" target=\"_blank\" rel=\"noreferrer noopener\"><\/a><a href=\"https:\/\/esclatbcn.com\/ca\/\" target=\"_blank\" rel=\"noreferrer noopener\"><\/a><a href=\"https:\/\/esclatbcn.com\/ca\/\" target=\"_blank\" rel=\"noreferrer noopener\"><\/a><\/li>\n<\/ul>\n\n\n\n<h3 class=\"wp-block-heading\">2.&nbsp;<strong>Usuaris<\/strong><\/h3>\n\n\n\n<p>L&#039;acc\u00e9s i\/o \u00fas d&#039;aquest portal de <strong>AQUEST LLOC WEB<\/strong> li atribueix la condici\u00f3 de&nbsp;<strong>Usuari<\/strong>. Tot comanda feta a la&nbsp;<strong>AQUEST LLOC WEB<\/strong>&nbsp;implica necess\u00e0riament a t\u00edtol de condici\u00f3 essencial, determinant i imprescindible, l&#039;acceptaci\u00f3 sense reserves per l&#039;Usuari de les Condicions Generals de Venda de productes vigents el dia que es dugui a terme la comanda corresponent. A m\u00e9s, l&#039;Usuari reconeix que l&#039;acceptaci\u00f3 de les presents condicions implicar\u00e0 l&#039;aplicaci\u00f3 d&#039;aquestes a la comanda a qu\u00e8 es refereixen, aix\u00ed com a tota comanda posterior, a excepci\u00f3 dels casos en qu\u00e8 noves condicions siguin posades en el seu coneixement per <strong>AQUEST LLOC WEB<\/strong>.<\/p>\n\n\n\n<p>Les condicions esmentades s\u00f3n aplicables independentment de les condicions generals de contractaci\u00f3 que, si s&#039;escau, resultin de compliment obligat.<\/p>\n\n\n\n<h3 class=\"wp-block-heading\">3.&nbsp;<strong>Condicions d&#039;acc\u00e9s i \u00fas<\/strong><\/h3>\n\n\n\n<p>L&#039;usuari es compromet a fer un \u00fas diligent del lloc web i dels serveis accessibles des del mateix ia no utilitzar els serveis o informacions continguts al lloc web per desenvolupar activitats contr\u00e0ries a les lleis, a la moral i als bons costums, a l&#039;ordre p\u00fablic i, en general, a fer-ne un \u00fas conforme al present av\u00eds legal.&nbsp;<\/p>\n\n\n\n<p>Queden per tant prohibits tots els actes que vulnerin la legalitat, drets o interessos de tercers: dret a la intimitat, protecci\u00f3 de dades, propietat intel\u00b7lectual\u2026 Expressament i sense car\u00e0cter taxatiu&nbsp;<strong>AQUEST LLOC WEB<\/strong>&nbsp;prohibeix realitzar accions que puguin produir al lloc web oa trav\u00e9s del mateix dany a&nbsp;<strong>AQUEST LLOC WEB<\/strong>.<\/p>\n\n\n\n<p>Aix\u00ed mateix, queda expressament prohibida la utilitzaci\u00f3 de programes dissenyats per tal de causar problemes o atacs a la xarxa. Tamb\u00e9 queda expressament prohibit intentar posar a prova la seguretat dels servidors realitzant qualsevol tipus dentrada o acci\u00f3 que no resulti estrictament necess\u00e0ria per al gaudi per part de lusuari.<\/p>\n\n\n\n<p><strong>AQUEST LLOC WEB<\/strong>&nbsp;podr\u00e0 interrompre en qualsevol moment l&#039;acc\u00e9s al vostre lloc web si detecta un \u00fas contrari a la legalitat, la bona fe oa les presents condicions generals.<\/p>\n\n\n\n<h3 class=\"wp-block-heading\">4.&nbsp;<strong>Drets de propietat intel\u00b7lectual<\/strong><\/h3>\n\n\n\n<p><strong>AQUEST LLOC WEB<\/strong> titular o llicenciat\u00e0ria, si escau, dels drets de Propietat Intel\u00b7lectual i Industrial de la totalitat dels continguts d&#039;aquest lloc web, incloent-hi descripci\u00f3 de productes, text, imatges, fotografies, marques, logotips, botons, arxius de programari, combinacions de colors, aix\u00ed com l&#039;estructura, la selecci\u00f3, l&#039;ordenaci\u00f3 i la presentaci\u00f3 dels seus continguts, que estan protegits per les lleis espanyoles i internacionals sobre propietat intel\u00b7lectual i industrial.&nbsp;<\/p>\n\n\n\n<h3 class=\"wp-block-heading\">5.&nbsp;<strong>Exclusi\u00f3 de garanties i responsabilitat<\/strong><\/h3>\n\n\n\n<p><strong>AQUEST LLOC WEB<\/strong> no es fa responsable, en cap cas, dels danys i perjudicis de qualsevol naturalesa que poguessin ocasionar, a t\u00edtol enunciatiu: errors o omissions en els continguts, manca de disponibilitat del portal o la transmissi\u00f3 de virus o programes maliciosos o lesius en els continguts , malgrat haver adoptat totes les mesures tecnol\u00f2giques necess\u00e0ries per evitar-ho.<\/p>\n\n\n\n<h3 class=\"wp-block-heading\">6.&nbsp;<strong>Modificacions<\/strong><\/h3>\n\n\n\n<p><strong>AQUEST LLOC WEB<\/strong> es reserva el dret d&#039;efectuar sense previ av\u00eds les modificacions que consideri oportunes al seu portal, podent canviar, suprimir o afegir tant els continguts i serveis que es prestin a trav\u00e9s d&#039;aquesta com la forma en qu\u00e8 aquests apareguin presentats o localitzats al seu portal portal.<\/p>\n\n\n\n<h3 class=\"wp-block-heading\">7.&nbsp;<strong>Dret d&#039;exclusi\u00f3<\/strong><\/h3>\n\n\n\n<p><strong>AQUEST LLOC WEB<\/strong> es reserva el dret a denegar o retirar l&#039;acc\u00e9s a portal i\/o als serveis oferts sense necessitat de preav\u00eds, a inst\u00e0ncia pr\u00f2pia o d&#039;un tercer, a aquells usuaris que incompleixin aquestes Condicions Generals d&#039;\u00das.<\/p>\n\n\n\n<h3 class=\"wp-block-heading\">8.&nbsp;<strong>Generalitats<\/strong><\/h3>\n\n\n\n<p><strong>AQUEST LLOC WEB<\/strong> perseguir\u00e0 l&#039;incompliment de les presents condicions, aix\u00ed com qualsevol utilitzaci\u00f3 indeguda del portal exercint totes les accions civils i penals que li puguin correspondre en dret.<\/p>\n\n\n\n<h3 class=\"wp-block-heading\">9.&nbsp;<strong>Legislaci\u00f3 aplicable i Jurisdicci\u00f3.<\/strong><\/h3>\n\n\n\n<p>Llei aplicable i jurisdicci\u00f3 competent. La interpretaci\u00f3 i lexecuci\u00f3 de les condicions, aix\u00ed com tots els actes que en siguin conseq\u00fc\u00e8ncia, quedaran sotmesos al dret espanyol, llevat que hi hagi disposicions dordre p\u00fablic contr\u00e0ries a aix\u00f2. El fet que <strong>AQUEST LLOC WEB<\/strong> no recorri en un moment donat a qualsevol de les presents condicions no pot ser interpretat ni equivaldr\u00e0 a renunciar a rec\u00f3rrer-hi en el futur o en el passat.<\/p>\n\n\n\n<h2 class=\"wp-block-heading\"><strong><u>CONDICIONS GENERALS<\/u><\/strong><\/h2>\n\n\n\n<h3 class=\"wp-block-heading\">1.&nbsp;<strong>Generalitats<\/strong><\/h3>\n\n\n\n<p>S&#039;entendr\u00e0 que l&#039;usuari accepta aquestes condicions en complementar i acceptar qualsevol dels formularis compresos a aquesta web.<\/p>\n\n\n\n<p>L&#039;usuari \u00e9s l&#039;\u00fanic responsable de la veracitat i correcci\u00f3 de les dades incloses, exonerant-se a <strong>AQUEST LLOC WEB<\/strong> de qualsevol responsabilitat sobre aix\u00f2.<\/p>\n\n\n\n<p>Els usuaris garanteixen i responen, en qualsevol cas, de l&#039;exactitud, vig\u00e8ncia i autenticitat de les dades personals facilitades, i es comprometen a mantenir-les degudament actualitzades. L&#039;usuari accepta proporcionar informaci\u00f3 completa i correcta al formulari de registre i\/o subscripci\u00f3.<\/p>\n\n\n\n<p><strong>AQUEST LLOC WEB<\/strong> no tindr\u00e0 cap responsabilitat de la veracitat de les informacions que no siguin d&#039;elaboraci\u00f3 pr\u00f2pia i de les quals s&#039;indiqui una altra font, per la qual cosa tampoc no assumeix cap responsabilitat quant a hipot\u00e8tics perjudicis que es puguin originar per l&#039;\u00fas d&#039;aquesta informaci\u00f3.<\/p>\n\n\n\n<p><strong>AQUEST LLOC WEB<\/strong>&nbsp;es reserva el dret d&#039;actualitzar, modificar o eliminar la informaci\u00f3 continguda a les seves p\u00e0gines web i fins i tot pot limitar o no permetre l&#039;acc\u00e9s a aquesta informaci\u00f3. S&#039;exonera a <strong>AQUEST LLOC WEB<\/strong> de responsabilitat davant de qualsevol dany o perjudici que pogu\u00e9s patir l&#039;usuari com a conseq\u00fc\u00e8ncia d&#039;errors, defectes i omissions en la informaci\u00f3 facilitada pel <strong>AQUEST LLOC WEB<\/strong>, sempre que procedeixi de fonts alienes a <strong>AQUEST LLOC WEB<\/strong>.<\/p>\n\n\n\n<p>Mitjan\u00e7ant l&#039;acceptaci\u00f3 del present contracte, vost\u00e8 declara:<\/p>\n\n\n\n<p>1r- que \u00e9s major d&#039;edat i que t\u00e9 capacitat per contractar<\/p>\n\n\n\n<p>2\u00ba- ha llegit i accepta les presents Condicions Generals.<\/p>","protected":false},"excerpt":{"rendered":"<p>El presente es un aviso legal de obligada visualizaci\u00f3n que regula las condiciones de uso que deben ser observadas y acatadas por los usuarios del sitio de Esclat BCN, en adelante ESTE SITIO WEB 1.&nbsp;Datos Identificativos En cumplimiento con el deber de informaci\u00f3n recogido en art\u00edculo 10 de la Ley 34\/2002, de 11 de julio, &hellip;<\/p>\n<p class=\"read-more\"> <a class=\"\" href=\"https:\/\/esclatbcn.com\/ca\/aviso-legal\/\"> <span class=\"screen-reader-text\">Av\u00eds Legal<\/span> Llegeix m\u00e9s &raquo;<\/a><\/p>","protected":false},"author":1,"featured_media":0,"parent":0,"menu_order":0,"comment_status":"closed","ping_status":"closed","template":"","meta":{"_uag_custom_page_level_css":"","site-sidebar-layout":"default","site-content-layout":"default","ast-global-header-display":"","ast-main-header-display":"","ast-hfb-above-header-display":"","ast-hfb-below-header-display":"","ast-hfb-mobile-header-display":"","site-post-title":"","ast-breadcrumbs-content":"","ast-featured-img":"","footer-sml-layout":"","theme-transparent-header-meta":"","adv-header-id-meta":"","stick-header-meta":"","header-above-stick-meta":"","header-main-stick-meta":"","header-below-stick-meta":"","footnotes":""},"class_list":["post-864","page","type-page","status-publish","hentry"],"uagb_featured_image_src":{"full":false,"thumbnail":false,"medium":false,"medium_large":false,"large":false,"1536x1536":false,"2048x2048":false,"trp-custom-language-flag":false},"uagb_author_info":{"display_name":"admin","author_link":"https:\/\/esclatbcn.com\/ca\/author\/antmotion\/"},"uagb_comment_info":0,"uagb_excerpt":"El presente es un aviso legal de obligada visualizaci\u00f3n que regula las condiciones de uso que deben ser observadas y acatadas por los usuarios del sitio de Esclat BCN, en adelante ESTE SITIO WEB 1.&nbsp;Datos Identificativos En cumplimiento con el deber de informaci\u00f3n recogido en art\u00edculo 10 de la Ley 34\/2002, de 11 de julio,&hellip;","_links":{"self":[{"href":"https:\/\/esclatbcn.com\/ca\/wp-json\/wp\/v2\/pages\/864","targetHints":{"allow":["GET"]}}],"collection":[{"href":"https:\/\/esclatbcn.com\/ca\/wp-json\/wp\/v2\/pages"}],"about":[{"href":"https:\/\/esclatbcn.com\/ca\/wp-json\/wp\/v2\/types\/page"}],"author":[{"embeddable":true,"href":"https:\/\/esclatbcn.com\/ca\/wp-json\/wp\/v2\/users\/1"}],"replies":[{"embeddable":true,"href":"https:\/\/esclatbcn.com\/ca\/wp-json\/wp\/v2\/comments?post=864"}],"version-history":[{"count":5,"href":"https:\/\/esclatbcn.com\/ca\/wp-json\/wp\/v2\/pages\/864\/revisions"}],"predecessor-version":[{"id":1138,"href":"https:\/\/esclatbcn.com\/ca\/wp-json\/wp\/v2\/pages\/864\/revisions\/1138"}],"wp:attachment":[{"href":"https:\/\/esclatbcn.com\/ca\/wp-json\/wp\/v2\/media?parent=864"}],"curies":[{"name":"wp","href":"https:\/\/api.w.org\/{rel}","templated":true}]}}