{"id":865,"date":"2022-08-01T11:08:49","date_gmt":"2022-08-01T11:08:49","guid":{"rendered":"https:\/\/esclatbcn.com\/?page_id=865"},"modified":"2022-12-19T08:19:41","modified_gmt":"2022-12-19T08:19:41","slug":"declaracion-de-privacidad","status":"publish","type":"page","link":"https:\/\/esclatbcn.com\/ca\/declaracion-de-privacidad\/","title":{"rendered":"Declaraci\u00f3 de privadesa"},"content":{"rendered":"<p>En aquesta declaraci\u00f3 de privadesa, expliquem el que fem amb les dades que obtenim sobre vost\u00e8 a trav\u00e9s de&nbsp;<strong>Esclat BCN<\/strong>. Us recomanem que llegiu atentament aquesta declaraci\u00f3. En el nostre processament complim els requisits de la legislaci\u00f3 de privadesa. El que significa, entre altres coses, que:<\/p>\n\n\n\n<ul class=\"wp-block-list\">\n<li>indiquem clarament les finalitats per a les quals processem les dades personals. Fem aix\u00f2 per mitj\u00e0 d&#039;aquesta declaraci\u00f3 de privadesa.<\/li>\n\n\n\n<li>el nostre objectiu \u00e9s limitar la nostra recopilaci\u00f3 de dades personals a les dades personals necess\u00e0ries per a fins leg\u00edtims.<\/li>\n\n\n\n<li>en primer lloc, sol\u00b7licitem el vostre consentiment expl\u00edcit per al tractament de les vostres dades personals en els casos en qu\u00e8 sigui necessari.<\/li>\n\n\n\n<li>prenem les mesures de seguretat adequades per protegir les seves dades personals i tamb\u00e9 els exigim a les parts que processen dades personals en nom nostre;<\/li>\n\n\n\n<li>respectem el vostre dret a accedir, rectificar o cancel\u00b7lar les vostres dades personals pr\u00e8via sol\u00b7licitud.<\/li>\n<\/ul>\n\n\n\n<p>Si teniu alguna pregunta o voleu saber exactament quines dades sobre vost\u00e8 guardem, poseu-vos en contacte amb nosaltres.<\/p>\n\n\n\n<h2 class=\"wp-block-heading\">1. Prop\u00f2sit, dades i per\u00edode de retenci\u00f3<\/h2>\n\n\n\n<p>Podem recopilar o rebre informaci\u00f3 personal per a un nombre de prop\u00f2sits relacionats amb les nostres operacions comercials, que poden incloure el seg\u00fcent:<\/p>\n\n\n\n<h3 class=\"wp-block-heading\">1.1 Contacte \u2013 Per tel\u00e8fon, correu, correu electr\u00f2nic i\/o formularis al lloc<a rel=\"noreferrer noopener nofollow\" href=\"https:\/\/cookiedatabase.org\/legal-bases\/#consent\" target=\"_blank\"><\/a><\/h3>\n\n\n\n<h2 class=\"wp-block-heading\">2. Compartir amb altres parts<\/h2>\n\n\n\n<p>No compartim dades amb altres parts<\/p>\n\n\n\n<h2 class=\"wp-block-heading\">3. Cookies<\/h2>\n\n\n\n<p>El nostre lloc web utilitza cookies. Per a m\u00e9s informaci\u00f3 sobre les cookies, si us plau referiu-vos a la nostra Declaraci\u00f3 de&nbsp;<a href=\"https:\/\/4collectors.com\/politica-de-cookie-ue\/\" rel=\"nofollow noopener\" target=\"_blank\">Pol\u00edtica de Cookies<\/a>. La inclusi\u00f3 d&#039;adreces IP completes \u00e9s bloquejada per nosaltres.&nbsp;<\/p>\n\n\n\n<h2 class=\"wp-block-heading\">4. Seguretat<\/h2>\n\n\n\n<p>Estem compromesos amb la seguretat de les dades personals. Prenem les mesures de seguretat adequades per limitar l&#039;ab\u00fas i l&#039;acc\u00e9s no autoritzat a les dades personals. Aix\u00f2 assegura que nom\u00e9s les persones necess\u00e0ries tinguin acc\u00e9s a les vostres dades, que l&#039;acc\u00e9s a les dades estigui protegit i que les nostres mesures de seguretat siguin revisades regularment.&nbsp;<\/p>\n\n\n\n<h2 class=\"wp-block-heading\">5. Llocs web de tercers<\/h2>\n\n\n\n<p>Aquesta declaraci\u00f3 de privadesa no s&#039;aplica als llocs web de tercers connectats mitjan\u00e7ant enlla\u00e7os al nostre lloc web. No podem garantir que aquestes terceres parts manegin les vostres dades personals de forma fiable o segura. Us recomanem que llegiu les declaracions de privadesa d&#039;aquests llocs web abans d&#039;utilitzar-los.&nbsp;<\/p>\n\n\n\n<h2 class=\"wp-block-heading\">6. Privadesa i refer\u00e8ncia a la declaraci\u00f3 de privadesa<\/h2>\n\n\n\n<p>Ens reservem el dret de fer esmenes a aquesta declaraci\u00f3 de privadesa. Es recomana que consulteu aquesta declaraci\u00f3 de privadesa regularment per estar al corrent de qualsevol canvi. A m\u00e9s, us informarem activament sempre que sigui possible.&nbsp;<\/p>\n\n\n\n<h2 class=\"wp-block-heading\">7. Acc\u00e9s i modificaci\u00f3 de les vostres dades<\/h2>\n\n\n\n<p>Si teniu alguna pregunta o voleu saber quines dades personals tenim sobre vost\u00e8, poseu-vos en contacte amb nosaltres. Podeu posar-vos en contacte amb nosaltres utilitzant la seg\u00fcent informaci\u00f3. Vost\u00e8 t\u00e9 els drets seg\u00fcents:<\/p>\n\n\n\n<ul class=\"wp-block-list\">\n<li>Vost\u00e8 t\u00e9 dret a saber per qu\u00e8 es necessiten les seves dades personals, qu\u00e8 passar\u00e0 amb ells i durant quant de temps es conservaran.<\/li>\n\n\n\n<li>Dret d&#039;acc\u00e9s: Teniu dret a accedir a les dades personals que coneixem sobre vost\u00e8.<\/li>\n\n\n\n<li>Dret de rectificaci\u00f3: teniu dret a completar, rectificar, esborrar o bloquejar les vostres dades personals quan ho desitgeu.<\/li>\n\n\n\n<li>Si ens doneu el vostre consentiment per processar les vostres dades, teniu dret a revocar aquest consentiment i que s&#039;eliminin les vostres dades personals.<\/li>\n\n\n\n<li>Dret de cessi\u00f3 de les vostres dades: teniu dret a sol\u00b7licitar totes les vostres dades personals al controlador ia transferir-les \u00edntegrament a un altre controlador.<\/li>\n\n\n\n<li>Dret d&#039;oposici\u00f3: podeu oposar-vos al tractament de les vostres dades. Nosaltres complim amb aix\u00f2, tret que hi hagi motius justificats per al processament.<\/li>\n<\/ul>\n\n\n\n<p>Si us plau, assegureu-vos d&#039;indicar sempre clarament qui \u00e9s vost\u00e8, perqu\u00e8 puguem estar segurs que no modifiquem o eliminem cap dada de la persona equivocada.<\/p>\n\n\n\n<h2 class=\"wp-block-heading\">8. Enviant una queixa<\/h2>\n\n\n\n<p>Si no esteu satisfets amb la manera com tractem o processem les vostres dades personals, teniu dret a presentar una queixa a l&#039;Autoritat de Protecci\u00f3 de Dades.&nbsp;<\/p>\n\n\n\n<h2 class=\"wp-block-heading\">9. Detalls de contacte<\/h2>\n\n\n\n<ul class=\"wp-block-list\">\n<li><strong>Esclat BCN, Gabinet Immobiliari<\/strong><\/li>\n\n\n\n<li><strong>Avinguda dels Quinze, 70, 08016, Barcelona<\/strong><\/li>\n\n\n\n<li><a href=\"tel:934080332\"><strong>934 08 03 32<\/strong><\/a><\/li>\n\n\n\n<li><a href=\"mailto:esclatbcn@esclatbcn.com\" data-type=\"mailto\" data-id=\"mailto:esclatbcn@esclatbcn.com\"><strong>esclatbcn@esclatbcn.com<\/strong><\/a><a href=\"https:\/\/esclatbcn.com\/ca\/\" target=\"_blank\" rel=\"noreferrer noopener\"><\/a><a href=\"https:\/\/esclatbcn.com\/ca\/\" target=\"_blank\" rel=\"noreferrer noopener\"><\/a><a href=\"https:\/\/esclatbcn.com\/ca\/\" target=\"_blank\" rel=\"noreferrer noopener\"><\/a><\/li>\n<\/ul>","protected":false},"excerpt":{"rendered":"<p>En esta declaraci\u00f3n de privacidad, explicamos lo que hacemos con los datos que obtenemos sobre usted a trav\u00e9s de&nbsp;Esclat BCN. Le recomendamos que lea atentamente esta declaraci\u00f3n. En nuestro procesamiento cumplimos con los requisitos de la legislaci\u00f3n de privacidad. Lo que significa, entre otras cosas, que: Si tiene alguna pregunta o desea saber exactamente qu\u00e9 &hellip;<\/p>\n<p class=\"read-more\"> <a class=\"\" href=\"https:\/\/esclatbcn.com\/ca\/declaracion-de-privacidad\/\"> <span class=\"screen-reader-text\">Declaraci\u00f3 de privadesa<\/span> Llegeix m\u00e9s &raquo;<\/a><\/p>","protected":false},"author":1,"featured_media":0,"parent":0,"menu_order":0,"comment_status":"closed","ping_status":"closed","template":"","meta":{"_uag_custom_page_level_css":"","site-sidebar-layout":"default","site-content-layout":"default","ast-global-header-display":"","ast-main-header-display":"","ast-hfb-above-header-display":"","ast-hfb-below-header-display":"","ast-hfb-mobile-header-display":"","site-post-title":"","ast-breadcrumbs-content":"","ast-featured-img":"","footer-sml-layout":"","theme-transparent-header-meta":"","adv-header-id-meta":"","stick-header-meta":"","header-above-stick-meta":"","header-main-stick-meta":"","header-below-stick-meta":"","footnotes":""},"class_list":["post-865","page","type-page","status-publish","hentry"],"uagb_featured_image_src":{"full":false,"thumbnail":false,"medium":false,"medium_large":false,"large":false,"1536x1536":false,"2048x2048":false,"trp-custom-language-flag":false},"uagb_author_info":{"display_name":"admin","author_link":"https:\/\/esclatbcn.com\/ca\/author\/antmotion\/"},"uagb_comment_info":0,"uagb_excerpt":"En esta declaraci\u00f3n de privacidad, explicamos lo que hacemos con los datos que obtenemos sobre usted a trav\u00e9s de&nbsp;Esclat BCN. Le recomendamos que lea atentamente esta declaraci\u00f3n. En nuestro procesamiento cumplimos con los requisitos de la legislaci\u00f3n de privacidad. Lo que significa, entre otras cosas, que: Si tiene alguna pregunta o desea saber exactamente qu\u00e9&hellip;","_links":{"self":[{"href":"https:\/\/esclatbcn.com\/ca\/wp-json\/wp\/v2\/pages\/865","targetHints":{"allow":["GET"]}}],"collection":[{"href":"https:\/\/esclatbcn.com\/ca\/wp-json\/wp\/v2\/pages"}],"about":[{"href":"https:\/\/esclatbcn.com\/ca\/wp-json\/wp\/v2\/types\/page"}],"author":[{"embeddable":true,"href":"https:\/\/esclatbcn.com\/ca\/wp-json\/wp\/v2\/users\/1"}],"replies":[{"embeddable":true,"href":"https:\/\/esclatbcn.com\/ca\/wp-json\/wp\/v2\/comments?post=865"}],"version-history":[{"count":7,"href":"https:\/\/esclatbcn.com\/ca\/wp-json\/wp\/v2\/pages\/865\/revisions"}],"predecessor-version":[{"id":1140,"href":"https:\/\/esclatbcn.com\/ca\/wp-json\/wp\/v2\/pages\/865\/revisions\/1140"}],"wp:attachment":[{"href":"https:\/\/esclatbcn.com\/ca\/wp-json\/wp\/v2\/media?parent=865"}],"curies":[{"name":"wp","href":"https:\/\/api.w.org\/{rel}","templated":true}]}}